{"id":765,"date":"2022-09-08T10:40:12","date_gmt":"2022-09-08T08:40:12","guid":{"rendered":"http:\/\/ruralenergy.asonautas.org\/?page_id=765"},"modified":"2023-05-24T23:18:38","modified_gmt":"2023-05-24T21:18:38","slug":"formacion-online","status":"publish","type":"page","link":"https:\/\/ruralenergy.asonautas.org\/?page_id=765","title":{"rendered":"Formaci\u00f3n online"},"content":{"rendered":"\n<p><a href=\"https:\/\/classroom.google.com\/c\/NTQ0ODUwMzc1ODA0?cjc=q4lwcug\" data-type=\"URL\" data-id=\"https:\/\/classroom.google.com\/c\/NTQ0ODUwMzc1ODA0?cjc=q4lwcug\" target=\"_blank\" rel=\"noreferrer noopener\">Access <\/a>to the online training platform<\/p>\n\n\n\n<hr class=\"wp-block-separator has-alpha-channel-opacity\"\/>\n\n\n\n<figure class=\"wp-block-image size-large is-resized\"><img loading=\"lazy\" decoding=\"async\" src=\"https:\/\/ruralenergy.asonautas.org\/wp-content\/uploads\/2023\/03\/Logo_Rural_energy_communities-1024x255.png\" alt=\"\" class=\"wp-image-1011\" width=\"1181\" height=\"294\" srcset=\"https:\/\/ruralenergy.asonautas.org\/wp-content\/uploads\/2023\/03\/Logo_Rural_energy_communities-1024x255.png 1024w, https:\/\/ruralenergy.asonautas.org\/wp-content\/uploads\/2023\/03\/Logo_Rural_energy_communities-300x75.png 300w, https:\/\/ruralenergy.asonautas.org\/wp-content\/uploads\/2023\/03\/Logo_Rural_energy_communities-768x191.png 768w, https:\/\/ruralenergy.asonautas.org\/wp-content\/uploads\/2023\/03\/Logo_Rural_energy_communities.png 1280w\" sizes=\"auto, (max-width: 1181px) 100vw, 1181px\" \/><\/figure>\n\n\n\n<div style=\"height:27px\" aria-hidden=\"true\" class=\"wp-block-spacer\"><\/div>\n\n\n\n<h2 class=\"wp-block-heading\"><a href=\"https:\/\/classroom.google.com\/c\/NTM3Mzk3MTg0NTA2?cjc=7bu6ifm\" data-type=\"URL\" data-id=\"https:\/\/classroom.google.com\/c\/NTM3Mzk3MTg0NTA2?cjc=7bu6ifm\" target=\"_blank\" rel=\"noreferrer noopener\">Acceso <\/a>a la plataforma de formaci\u00f3n online <\/h2>\n\n\n\n<p>Usamos el entorno de Google. Es imprescindible que seas un usuario\/a. Si necesitas, en el v\u00eddeo encontrar\u00e1s instrucciones.<\/p>\n\n\n\n<div class=\"wp-block-columns is-layout-flex wp-container-core-columns-is-layout-9d6595d7 wp-block-columns-is-layout-flex\">\n<div class=\"wp-block-column is-layout-flow wp-block-column-is-layout-flow\">\n<pre class=\"wp-block-preformatted\">Los contenidos est\u00e1n estructurados en: Introducci\u00f3n a la energ\u00eda - Estrategia europea - Situaci\u00f3n por pa\u00edses - Legislaci\u00f3n y definiciones - Tipos de energ\u00eda - Tipos de comunidades energ\u00e9ticas - Pobreza energ\u00e9tica y colectivos vulnerables<\/pre>\n\n\n\n<figure class=\"wp-block-pullquote\"><blockquote><p><img loading=\"lazy\" decoding=\"async\" width=\"100\" height=\"100\" class=\"wp-image-1078\" style=\"width: 100px;\" src=\"https:\/\/ruralenergy.asonautas.org\/wp-content\/uploads\/2023\/05\/logo-lectura-facil.jpg\" alt=\"\" srcset=\"https:\/\/ruralenergy.asonautas.org\/wp-content\/uploads\/2023\/05\/logo-lectura-facil.jpg 260w, https:\/\/ruralenergy.asonautas.org\/wp-content\/uploads\/2023\/05\/logo-lectura-facil-150x150.jpg 150w\" sizes=\"auto, (max-width: 100px) 100vw, 100px\" \/> <br>Si prefieres los contenidos en <strong>Lectura F\u00e1cil<\/strong> usa este otro enlace: <a rel=\"noreferrer noopener\" href=\"https:\/\/classroom.google.com\/c\/NjExNTE0MzM5ODA5?cjc=n4at5b7\" target=\"_blank\">acceso<\/a><\/p><\/blockquote><\/figure>\n<\/div>\n\n\n\n<div class=\"wp-block-column is-vertically-aligned-center is-layout-flow wp-block-column-is-layout-flow\">\n<figure class=\"wp-block-embed is-type-video is-provider-youtube wp-block-embed-youtube wp-embed-aspect-16-9 wp-has-aspect-ratio\"><div class=\"wp-block-embed__wrapper\">\n<div class=\"nv-iframe-embed\"><iframe loading=\"lazy\" title=\"\ud83d\udfe2 #1 COMO entrar en Google CLASSROOM | Curso Completo GOOGLE CLASSROOM para ALUMNOS\" width=\"1200\" height=\"675\" src=\"https:\/\/www.youtube.com\/embed\/CaCdjU0hbw4?feature=oembed\" frameborder=\"0\" allow=\"accelerometer; autoplay; clipboard-write; encrypted-media; gyroscope; picture-in-picture; web-share\" allowfullscreen><\/iframe><\/div>\n<\/div><figcaption class=\"wp-element-caption\">Instrucciones<\/figcaption><\/figure>\n<\/div>\n<\/div>\n\n\n\n<hr class=\"wp-block-separator has-alpha-channel-opacity\"\/>\n\n\n\n<p><a href=\"https:\/\/classroom.google.com\/c\/NTYxNDM3MDYxNzg3?cjc=cxpbrdx\" data-type=\"URL\" data-id=\"https:\/\/classroom.google.com\/c\/NTYxNDM3MDYxNzg3?cjc=cxpbrdx\" target=\"_blank\" rel=\"noreferrer noopener\">Acc\u00e8s <\/a>\u00e0 la plateforme de formation en ligne<\/p>\n\n\n\n<p><a href=\"https:\/\/classroom.google.com\/u\/2\/c\/NTk5NDgzMTQ1NzM2\" target=\"_blank\" rel=\"noreferrer noopener\">Accesso<\/a> alla piattaforma di formazione online<\/p>\n","protected":false},"excerpt":{"rendered":"<p>Access to the online training platform Acceso a la plataforma de formaci\u00f3n online Usamos el entorno de Google. Es imprescindible que seas un usuario\/a. Si necesitas, en el v\u00eddeo encontrar\u00e1s instrucciones. Los contenidos est\u00e1n estructurados en: Introducci\u00f3n a la energ\u00eda &#8211; Estrategia europea &#8211; Situaci\u00f3n por pa\u00edses &#8211; Legislaci\u00f3n y definiciones &#8211; Tipos de energ\u00eda&hellip;&nbsp;<a href=\"https:\/\/ruralenergy.asonautas.org\/?page_id=765\" class=\"\" rel=\"bookmark\">Read More &raquo;<span class=\"screen-reader-text\">Formaci\u00f3n online<\/span><\/a><\/p>\n","protected":false},"author":4,"featured_media":0,"parent":594,"menu_order":0,"comment_status":"closed","ping_status":"closed","template":"","meta":{"neve_meta_sidebar":"","neve_meta_container":"","neve_meta_enable_content_width":"","neve_meta_content_width":0,"neve_meta_title_alignment":"","neve_meta_author_avatar":"","neve_post_elements_order":"","neve_meta_disable_header":"","neve_meta_disable_footer":"","neve_meta_disable_title":"","footnotes":""},"class_list":["post-765","page","type-page","status-publish","hentry"],"_links":{"self":[{"href":"https:\/\/ruralenergy.asonautas.org\/index.php?rest_route=\/wp\/v2\/pages\/765","targetHints":{"allow":["GET"]}}],"collection":[{"href":"https:\/\/ruralenergy.asonautas.org\/index.php?rest_route=\/wp\/v2\/pages"}],"about":[{"href":"https:\/\/ruralenergy.asonautas.org\/index.php?rest_route=\/wp\/v2\/types\/page"}],"author":[{"embeddable":true,"href":"https:\/\/ruralenergy.asonautas.org\/index.php?rest_route=\/wp\/v2\/users\/4"}],"replies":[{"embeddable":true,"href":"https:\/\/ruralenergy.asonautas.org\/index.php?rest_route=%2Fwp%2Fv2%2Fcomments&post=765"}],"version-history":[{"count":17,"href":"https:\/\/ruralenergy.asonautas.org\/index.php?rest_route=\/wp\/v2\/pages\/765\/revisions"}],"predecessor-version":[{"id":1107,"href":"https:\/\/ruralenergy.asonautas.org\/index.php?rest_route=\/wp\/v2\/pages\/765\/revisions\/1107"}],"up":[{"embeddable":true,"href":"https:\/\/ruralenergy.asonautas.org\/index.php?rest_route=\/wp\/v2\/pages\/594"}],"wp:attachment":[{"href":"https:\/\/ruralenergy.asonautas.org\/index.php?rest_route=%2Fwp%2Fv2%2Fmedia&parent=765"}],"curies":[{"name":"wp","href":"https:\/\/api.w.org\/{rel}","templated":true}]}}